{"id":454,"date":"2025-12-13T22:32:50","date_gmt":"2025-12-13T21:32:50","guid":{"rendered":"http:\/\/repuestostecnojam.com\/?post_type=product&#038;p=454"},"modified":"2026-03-22T04:52:54","modified_gmt":"2026-03-22T03:52:54","slug":"tubo-umco","status":"publish","type":"product","link":"https:\/\/repuestostecnojam.com\/index.php\/producto\/tubo-umco\/","title":{"rendered":"Tubo Umco"},"content":{"rendered":"<ul>\n<li data-start=\"995\" data-end=\"1026\">\n<p data-start=\"997\" data-end=\"1026\">Tubo \/ soporte de <strong data-start=\"1015\" data-end=\"1024\">rosca<\/strong><\/p>\n<\/li>\n<li data-start=\"1027\" data-end=\"1048\">\n<p data-start=\"1029\" data-end=\"1048\">Repuesto <strong data-start=\"1038\" data-end=\"1046\">Umco<\/strong><\/p>\n<\/li>\n<li data-start=\"1049\" data-end=\"1093\">\n<p data-start=\"1051\" data-end=\"1093\">Permite una fijaci\u00f3n firme de la v\u00e1lvula<\/p>\n<\/li>\n<li data-start=\"1094\" data-end=\"1128\">\n<p data-start=\"1096\" data-end=\"1128\">Material resistente y duradero<\/p>\n<\/li>\n<li data-start=\"1129\" data-end=\"1150\">\n<p data-start=\"1131\" data-end=\"1150\">F\u00e1cil instalaci\u00f3n<\/p>\n<\/li>\n<li data-start=\"1151\" data-end=\"1192\">\n<p data-start=\"1153\" data-end=\"1192\">Ideal para mantenimiento y reparaci\u00f3n<\/p>\n<\/li>\n<\/ul>\n","protected":false},"excerpt":{"rendered":"<p data-start=\"286\" data-end=\"402\">Tubo Umco o soporte de rosca para v\u00e1lvula de olla de presi\u00f3n, repuesto esencial para una instalaci\u00f3n firme y segura.<\/p>\n","protected":false},"featured_media":471,"comment_status":"open","ping_status":"closed","template":"","meta":[],"product_brand":[30],"product_cat":[29],"product_tag":[],"class_list":{"0":"post-454","1":"product","2":"type-product","3":"status-publish","4":"has-post-thumbnail","6":"product_brand-umco","7":"product_cat-olla-de-presion","9":"first","10":"instock","11":"taxable","12":"shipping-taxable","13":"purchasable","14":"product-type-simple"},"jetpack_sharing_enabled":true,"_links":{"self":[{"href":"https:\/\/repuestostecnojam.com\/index.php\/wp-json\/wp\/v2\/product\/454","targetHints":{"allow":["GET"]}}],"collection":[{"href":"https:\/\/repuestostecnojam.com\/index.php\/wp-json\/wp\/v2\/product"}],"about":[{"href":"https:\/\/repuestostecnojam.com\/index.php\/wp-json\/wp\/v2\/types\/product"}],"replies":[{"embeddable":true,"href":"https:\/\/repuestostecnojam.com\/index.php\/wp-json\/wp\/v2\/comments?post=454"}],"wp:featuredmedia":[{"embeddable":true,"href":"https:\/\/repuestostecnojam.com\/index.php\/wp-json\/wp\/v2\/media\/471"}],"wp:attachment":[{"href":"https:\/\/repuestostecnojam.com\/index.php\/wp-json\/wp\/v2\/media?parent=454"}],"wp:term":[{"taxonomy":"product_brand","embeddable":true,"href":"https:\/\/repuestostecnojam.com\/index.php\/wp-json\/wp\/v2\/product_brand?post=454"},{"taxonomy":"product_cat","embeddable":true,"href":"https:\/\/repuestostecnojam.com\/index.php\/wp-json\/wp\/v2\/product_cat?post=454"},{"taxonomy":"product_tag","embeddable":true,"href":"https:\/\/repuestostecnojam.com\/index.php\/wp-json\/wp\/v2\/product_tag?post=454"}],"curies":[{"name":"wp","href":"https:\/\/api.w.org\/{rel}","templated":true}]}}