{"id":453,"date":"2025-12-13T22:26:53","date_gmt":"2025-12-13T21:26:53","guid":{"rendered":"http:\/\/repuestostecnojam.com\/?post_type=product&#038;p=453"},"modified":"2025-12-15T16:13:12","modified_gmt":"2025-12-15T15:13:12","slug":"cuchilla-blackender","status":"publish","type":"product","link":"https:\/\/repuestostecnojam.com\/index.php\/producto\/cuchilla-blackender\/","title":{"rendered":"Cuchilla Blackender"},"content":{"rendered":"<ul>\n<li data-start=\"1014\" data-end=\"1043\">\n<p data-start=\"1016\" data-end=\"1043\">Cuchilla <strong data-start=\"1025\" data-end=\"1041\">Black+Decker<\/strong><\/p>\n<\/li>\n<li data-start=\"1044\" data-end=\"1069\">\n<p data-start=\"1046\" data-end=\"1069\">Dise\u00f1o de <strong data-start=\"1056\" data-end=\"1067\">4 aspas<\/strong><\/p>\n<\/li>\n<li data-start=\"1070\" data-end=\"1106\">\n<p data-start=\"1072\" data-end=\"1106\"><strong data-start=\"1072\" data-end=\"1086\">Boc\u00edn alto<\/strong> para mejor acople<\/p>\n<\/li>\n<li data-start=\"1107\" data-end=\"1136\">\n<p data-start=\"1109\" data-end=\"1136\">Embrague de <strong data-start=\"1121\" data-end=\"1134\">6 patitas<\/strong><\/p>\n<\/li>\n<li data-start=\"1137\" data-end=\"1160\">\n<p data-start=\"1139\" data-end=\"1160\">Incluye <strong data-start=\"1147\" data-end=\"1158\">empaque<\/strong><\/p>\n<\/li>\n<li data-start=\"1161\" data-end=\"1184\">\n<p data-start=\"1163\" data-end=\"1184\">Material resistente<\/p>\n<\/li>\n<li data-start=\"1185\" data-end=\"1206\">\n<p data-start=\"1187\" data-end=\"1206\">F\u00e1cil instalaci\u00f3n<\/p>\n<\/li>\n<\/ul>\n","protected":false},"excerpt":{"rendered":"<p data-start=\"269\" data-end=\"397\">Cuchilla Black+Decker de 4 aspas con boc\u00edn alto, incluye embrague de 6 patitas y empaque. Disponible en tama\u00f1o grande y peque\u00f1o.<\/p>\n","protected":false},"featured_media":468,"comment_status":"open","ping_status":"closed","template":"","meta":[],"product_brand":[],"product_cat":[23],"product_tag":[],"class_list":{"0":"post-453","1":"product","2":"type-product","3":"status-publish","4":"has-post-thumbnail","6":"product_cat-licuadora","8":"first","9":"instock","10":"featured","11":"taxable","12":"shipping-taxable","13":"purchasable","14":"product-type-simple"},"jetpack_sharing_enabled":true,"_links":{"self":[{"href":"https:\/\/repuestostecnojam.com\/index.php\/wp-json\/wp\/v2\/product\/453","targetHints":{"allow":["GET"]}}],"collection":[{"href":"https:\/\/repuestostecnojam.com\/index.php\/wp-json\/wp\/v2\/product"}],"about":[{"href":"https:\/\/repuestostecnojam.com\/index.php\/wp-json\/wp\/v2\/types\/product"}],"replies":[{"embeddable":true,"href":"https:\/\/repuestostecnojam.com\/index.php\/wp-json\/wp\/v2\/comments?post=453"}],"wp:featuredmedia":[{"embeddable":true,"href":"https:\/\/repuestostecnojam.com\/index.php\/wp-json\/wp\/v2\/media\/468"}],"wp:attachment":[{"href":"https:\/\/repuestostecnojam.com\/index.php\/wp-json\/wp\/v2\/media?parent=453"}],"wp:term":[{"taxonomy":"product_brand","embeddable":true,"href":"https:\/\/repuestostecnojam.com\/index.php\/wp-json\/wp\/v2\/product_brand?post=453"},{"taxonomy":"product_cat","embeddable":true,"href":"https:\/\/repuestostecnojam.com\/index.php\/wp-json\/wp\/v2\/product_cat?post=453"},{"taxonomy":"product_tag","embeddable":true,"href":"https:\/\/repuestostecnojam.com\/index.php\/wp-json\/wp\/v2\/product_tag?post=453"}],"curies":[{"name":"wp","href":"https:\/\/api.w.org\/{rel}","templated":true}]}}