{"id":440,"date":"2025-12-13T18:45:06","date_gmt":"2025-12-13T17:45:06","guid":{"rendered":"http:\/\/repuestostecnojam.com\/?post_type=product&#038;p=440"},"modified":"2025-12-13T19:05:01","modified_gmt":"2025-12-13T18:05:01","slug":"valvula-metalica","status":"publish","type":"product","link":"https:\/\/repuestostecnojam.com\/index.php\/producto\/valvula-metalica\/","title":{"rendered":"Valvula met\u00e1lica"},"content":{"rendered":"<ul>\n<li data-start=\"1059\" data-end=\"1094\">\n<p data-start=\"1061\" data-end=\"1094\">V\u00e1lvula <strong data-start=\"1069\" data-end=\"1081\">met\u00e1lica<\/strong> resistente<\/p>\n<\/li>\n<li data-start=\"1095\" data-end=\"1131\">\n<p data-start=\"1097\" data-end=\"1131\">Sistema de <strong data-start=\"1108\" data-end=\"1129\">entrada a presi\u00f3n<\/strong><\/p>\n<\/li>\n<li data-start=\"1132\" data-end=\"1152\">\n<p data-start=\"1134\" data-end=\"1152\">Alta durabilidad<\/p>\n<\/li>\n<li data-start=\"1153\" data-end=\"1199\">\n<p data-start=\"1155\" data-end=\"1199\">Ayuda a regular la presi\u00f3n de forma segura<\/p>\n<\/li>\n<li data-start=\"1200\" data-end=\"1221\">\n<p data-start=\"1202\" data-end=\"1221\">F\u00e1cil instalaci\u00f3n<\/p>\n<\/li>\n<li data-start=\"1222\" data-end=\"1263\">\n<p data-start=\"1224\" data-end=\"1263\">Ideal para mantenimiento y reparaci\u00f3n<\/p>\n<\/li>\n<li data-start=\"1222\" data-end=\"1263\">\n<p data-start=\"1295\" data-end=\"1327\">Compatible con ollas de presi\u00f3n: <strong data-start=\"1330\" data-end=\"1339\">Oster, <\/strong><strong data-start=\"1344\" data-end=\"1360\">Black+Decker, <\/strong><strong data-start=\"1365\" data-end=\"1383\">Modelos chinos<\/strong><\/p>\n<\/li>\n<\/ul>\n<p>&nbsp;<\/p>\n<p>&nbsp;<\/p>\n","protected":false},"excerpt":{"rendered":"<p data-start=\"294\" data-end=\"434\">V\u00e1lvula met\u00e1lica para ollas de presi\u00f3n Oster, Black+Decker y modelos chinos, con sistema de entrada a presi\u00f3n para un funcionamiento seguro.<\/p>\n","protected":false},"featured_media":443,"comment_status":"open","ping_status":"closed","template":"","meta":[],"product_brand":[],"product_cat":[29],"product_tag":[],"class_list":{"0":"post-440","1":"product","2":"type-product","3":"status-publish","4":"has-post-thumbnail","6":"product_cat-olla-de-presion","8":"first","9":"instock","10":"taxable","11":"shipping-taxable","12":"purchasable","13":"product-type-simple"},"jetpack_sharing_enabled":true,"_links":{"self":[{"href":"https:\/\/repuestostecnojam.com\/index.php\/wp-json\/wp\/v2\/product\/440","targetHints":{"allow":["GET"]}}],"collection":[{"href":"https:\/\/repuestostecnojam.com\/index.php\/wp-json\/wp\/v2\/product"}],"about":[{"href":"https:\/\/repuestostecnojam.com\/index.php\/wp-json\/wp\/v2\/types\/product"}],"replies":[{"embeddable":true,"href":"https:\/\/repuestostecnojam.com\/index.php\/wp-json\/wp\/v2\/comments?post=440"}],"wp:featuredmedia":[{"embeddable":true,"href":"https:\/\/repuestostecnojam.com\/index.php\/wp-json\/wp\/v2\/media\/443"}],"wp:attachment":[{"href":"https:\/\/repuestostecnojam.com\/index.php\/wp-json\/wp\/v2\/media?parent=440"}],"wp:term":[{"taxonomy":"product_brand","embeddable":true,"href":"https:\/\/repuestostecnojam.com\/index.php\/wp-json\/wp\/v2\/product_brand?post=440"},{"taxonomy":"product_cat","embeddable":true,"href":"https:\/\/repuestostecnojam.com\/index.php\/wp-json\/wp\/v2\/product_cat?post=440"},{"taxonomy":"product_tag","embeddable":true,"href":"https:\/\/repuestostecnojam.com\/index.php\/wp-json\/wp\/v2\/product_tag?post=440"}],"curies":[{"name":"wp","href":"https:\/\/api.w.org\/{rel}","templated":true}]}}