{"id":439,"date":"2025-12-13T18:45:50","date_gmt":"2025-12-13T17:45:50","guid":{"rendered":"http:\/\/repuestostecnojam.com\/?post_type=product&#038;p=439"},"modified":"2025-12-15T16:17:14","modified_gmt":"2025-12-15T15:17:14","slug":"valvula-de-olla-de-presion-oster","status":"publish","type":"product","link":"https:\/\/repuestostecnojam.com\/index.php\/producto\/valvula-de-olla-de-presion-oster\/","title":{"rendered":"Valvula de olla de presi\u00f3n Oster"},"content":{"rendered":"<ul>\n<li data-start=\"1000\" data-end=\"1044\">\n<p data-start=\"1002\" data-end=\"1044\">V\u00e1lvula <strong data-start=\"1010\" data-end=\"1042\">met\u00e1lica original para Oster<\/strong><\/p>\n<\/li>\n<li data-start=\"1045\" data-end=\"1083\">\n<p data-start=\"1047\" data-end=\"1083\">Sistema de <strong data-start=\"1058\" data-end=\"1081\">entrada sin resorte<\/strong><\/p>\n<\/li>\n<li data-start=\"1084\" data-end=\"1118\">\n<p data-start=\"1086\" data-end=\"1118\">Alta resistencia y durabilidad<\/p>\n<\/li>\n<li data-start=\"1119\" data-end=\"1149\">\n<p data-start=\"1121\" data-end=\"1149\">Control adecuado del vapor<\/p>\n<\/li>\n<li data-start=\"1150\" data-end=\"1171\">\n<p data-start=\"1152\" data-end=\"1171\">F\u00e1cil instalaci\u00f3n<\/p>\n<\/li>\n<li data-start=\"1172\" data-end=\"1213\">\n<p data-start=\"1174\" data-end=\"1213\">Ideal para mantenimiento y reparaci\u00f3n<\/p>\n<\/li>\n<li data-start=\"1172\" data-end=\"1213\">Compatible con <strong data-start=\"1260\" data-end=\"1286\">ollas de presi\u00f3n Oster<\/strong> que utilicen este tipo de v\u00e1lvula.<\/li>\n<\/ul>\n","protected":false},"excerpt":{"rendered":"<p data-start=\"299\" data-end=\"412\">V\u00e1lvula met\u00e1lica para olla de presi\u00f3n Oster, con sistema de entrada sin resorte para un control seguro del vapor.<\/p>\n","protected":false},"featured_media":447,"comment_status":"open","ping_status":"closed","template":"","meta":[],"product_brand":[24],"product_cat":[29],"product_tag":[],"class_list":{"0":"post-439","1":"product","2":"type-product","3":"status-publish","4":"has-post-thumbnail","6":"product_brand-oster","7":"product_cat-olla-de-presion","9":"first","10":"instock","11":"taxable","12":"shipping-taxable","13":"purchasable","14":"product-type-simple"},"jetpack_sharing_enabled":true,"_links":{"self":[{"href":"https:\/\/repuestostecnojam.com\/index.php\/wp-json\/wp\/v2\/product\/439","targetHints":{"allow":["GET"]}}],"collection":[{"href":"https:\/\/repuestostecnojam.com\/index.php\/wp-json\/wp\/v2\/product"}],"about":[{"href":"https:\/\/repuestostecnojam.com\/index.php\/wp-json\/wp\/v2\/types\/product"}],"replies":[{"embeddable":true,"href":"https:\/\/repuestostecnojam.com\/index.php\/wp-json\/wp\/v2\/comments?post=439"}],"wp:featuredmedia":[{"embeddable":true,"href":"https:\/\/repuestostecnojam.com\/index.php\/wp-json\/wp\/v2\/media\/447"}],"wp:attachment":[{"href":"https:\/\/repuestostecnojam.com\/index.php\/wp-json\/wp\/v2\/media?parent=439"}],"wp:term":[{"taxonomy":"product_brand","embeddable":true,"href":"https:\/\/repuestostecnojam.com\/index.php\/wp-json\/wp\/v2\/product_brand?post=439"},{"taxonomy":"product_cat","embeddable":true,"href":"https:\/\/repuestostecnojam.com\/index.php\/wp-json\/wp\/v2\/product_cat?post=439"},{"taxonomy":"product_tag","embeddable":true,"href":"https:\/\/repuestostecnojam.com\/index.php\/wp-json\/wp\/v2\/product_tag?post=439"}],"curies":[{"name":"wp","href":"https:\/\/api.w.org\/{rel}","templated":true}]}}