{"id":58,"date":"2025-12-09T10:46:49","date_gmt":"2025-12-09T09:46:49","guid":{"rendered":"http:\/\/repuestostecnojam.com\/?page_id=58"},"modified":"2025-12-15T11:46:03","modified_gmt":"2025-12-15T10:46:03","slug":"nosotros","status":"publish","type":"page","link":"https:\/\/repuestostecnojam.com\/index.php\/nosotros\/","title":{"rendered":"Nosotros"},"content":{"rendered":"\t\t<div data-elementor-type=\"wp-page\" data-elementor-id=\"58\" class=\"elementor elementor-58\" data-elementor-post-type=\"page\">\n\t\t\t\t<div data-particle_enable=\"false\" data-particle-mobile-disabled=\"false\" class=\"elementor-element elementor-element-97ac190 e-con-full e-flex e-con e-parent\" data-id=\"97ac190\" data-element_type=\"container\">\n\t\t\t\t<div class=\"elementor-element elementor-element-b27e24a elementor--h-position-center elementor--v-position-middle elementor-arrows-position-inside elementor-pagination-position-inside elementor-widget elementor-widget-slides\" data-id=\"b27e24a\" data-element_type=\"widget\" data-settings=\"{&quot;navigation&quot;:&quot;both&quot;,&quot;autoplay&quot;:&quot;yes&quot;,&quot;pause_on_hover&quot;:&quot;yes&quot;,&quot;pause_on_interaction&quot;:&quot;yes&quot;,&quot;autoplay_speed&quot;:5000,&quot;infinite&quot;:&quot;yes&quot;,&quot;transition&quot;:&quot;slide&quot;,&quot;transition_speed&quot;:500}\" data-widget_type=\"slides.default\">\n\t\t\t\t\t\t\t\t\t\t<div class=\"elementor-slides-wrapper elementor-main-swiper swiper\" role=\"region\" aria-roledescription=\"carousel\" aria-label=\"Diapositivas\" dir=\"ltr\" data-animation=\"fadeInUp\">\n\t\t\t\t<div class=\"swiper-wrapper elementor-slides\">\n\t\t\t\t\t\t\t\t\t\t<div class=\"elementor-repeater-item-4e89243 swiper-slide\" role=\"group\" aria-roledescription=\"slide\"><div class=\"swiper-slide-bg\" role=\"img\"><\/div><div class=\"elementor-background-overlay\"><\/div><div class=\"swiper-slide-inner\" ><div class=\"swiper-slide-contents\"><div class=\"elementor-slide-heading\">Qui\u00e9nes Somos<\/div><\/div><\/div><\/div>\t\t\t\t<\/div>\n\t\t\t\t\t\t\t<\/div>\n\t\t\t\t\t\t\t\t<\/div>\n\t\t\t\t<\/div>\n\t\t<div data-particle_enable=\"false\" data-particle-mobile-disabled=\"false\" class=\"elementor-element elementor-element-c0fc6f0 e-flex e-con-boxed e-con e-parent\" data-id=\"c0fc6f0\" data-element_type=\"container\">\n\t\t\t\t\t<div class=\"e-con-inner\">\n\t\t<div data-particle_enable=\"false\" data-particle-mobile-disabled=\"false\" class=\"elementor-element elementor-element-69981c6 e-con-full e-flex e-con e-child\" data-id=\"69981c6\" data-element_type=\"container\">\n\t\t\t\t<div class=\"elementor-element elementor-element-390f837 elementor-widget elementor-widget-image\" data-id=\"390f837\" data-element_type=\"widget\" data-widget_type=\"image.default\">\n\t\t\t\t\t\t\t\t\t\t\t\t\t\t\t<img fetchpriority=\"high\" decoding=\"async\" width=\"1280\" height=\"1024\" src=\"https:\/\/repuestostecnojam.com\/wp-content\/uploads\/2025\/12\/servicio-tecnico-de-electrodomesticos.webp\" class=\"attachment-full size-full wp-image-160\" alt=\"\" srcset=\"https:\/\/repuestostecnojam.com\/wp-content\/uploads\/2025\/12\/servicio-tecnico-de-electrodomesticos.webp 1280w, https:\/\/repuestostecnojam.com\/wp-content\/uploads\/2025\/12\/servicio-tecnico-de-electrodomesticos-600x480.webp 600w, https:\/\/repuestostecnojam.com\/wp-content\/uploads\/2025\/12\/servicio-tecnico-de-electrodomesticos-300x240.webp 300w, https:\/\/repuestostecnojam.com\/wp-content\/uploads\/2025\/12\/servicio-tecnico-de-electrodomesticos-1024x819.webp 1024w, https:\/\/repuestostecnojam.com\/wp-content\/uploads\/2025\/12\/servicio-tecnico-de-electrodomesticos-768x614.webp 768w\" sizes=\"(max-width: 1280px) 100vw, 1280px\" \/>\t\t\t\t\t\t\t\t\t\t\t\t\t\t\t<\/div>\n\t\t\t\t<\/div>\n\t\t<div data-particle_enable=\"false\" data-particle-mobile-disabled=\"false\" class=\"elementor-element elementor-element-1f8748f e-con-full e-flex e-con e-child\" data-id=\"1f8748f\" data-element_type=\"container\">\n\t\t\t\t<div class=\"elementor-element elementor-element-5bb191a elementor-widget elementor-widget-text-editor\" data-id=\"5bb191a\" data-element_type=\"widget\" data-widget_type=\"text-editor.default\">\n\t\t\t\t\t\t\t\t\t<p>En TECNO JAM somos un servicio t\u00e9cnico especializado en la reparaci\u00f3n de electrodom\u00e9sticos y la venta de repuestos originales para licuadoras Oster, Umco y ollas de presi\u00f3n. Desde 2021 trabajamos como una empresa familiar comprometida con ofrecer soluciones profesionales, confiables y garantizadas a cada cliente. Nuestro taller naci\u00f3 como un legado familiar y hoy contamos con t\u00e9cnicos especializados, a\u00f1os de experiencia y un enfoque claro: brindar mantenimiento y reparaci\u00f3n de licuadoras, cafeteras y peque\u00f1os electrodom\u00e9sticos con calidad, repuestos aut\u00e9nticos y atenci\u00f3n personalizada<\/p>\t\t\t\t\t\t\t\t<\/div>\n\t\t\t\t<\/div>\n\t\t\t\t\t<\/div>\n\t\t\t\t<\/div>\n\t\t<div data-particle_enable=\"false\" data-particle-mobile-disabled=\"false\" class=\"elementor-element elementor-element-73641f7 e-flex e-con-boxed e-con e-parent\" data-id=\"73641f7\" data-element_type=\"container\">\n\t\t\t\t\t<div class=\"e-con-inner\">\n\t\t<div data-particle_enable=\"false\" data-particle-mobile-disabled=\"false\" class=\"elementor-element elementor-element-e411b81 e-con-full e-flex e-con e-child\" data-id=\"e411b81\" data-element_type=\"container\">\n\t\t\t\t<div class=\"elementor-element elementor-element-72344d7 elementor-widget elementor-widget-heading\" data-id=\"72344d7\" data-element_type=\"widget\" data-widget_type=\"heading.default\">\n\t\t\t\t\t<h2 class=\"elementor-heading-title elementor-size-default\">\u00bfPor qu\u00e9 elegirnos?<\/h2>\t\t\t\t<\/div>\n\t\t\t\t<div class=\"elementor-element elementor-element-933b9d4 elementor-widget elementor-widget-text-editor\" data-id=\"933b9d4\" data-element_type=\"widget\" data-widget_type=\"text-editor.default\">\n\t\t\t\t\t\t\t\t\t<ul><li data-start=\"1887\" data-end=\"1969\"><p data-start=\"1889\" data-end=\"1969\">T\u00e9cnicos especializados en licuadoras, cafeteras y peque\u00f1os electrodom\u00e9sticos.<\/p><\/li><li data-start=\"1970\" data-end=\"2010\"><p data-start=\"1972\" data-end=\"2010\">Repuestos certificados y originales.<\/p><\/li><li data-start=\"2011\" data-end=\"2060\"><p data-start=\"2013\" data-end=\"2060\">Taller propio con herramientas profesionales.<\/p><\/li><li data-start=\"2061\" data-end=\"2092\"><p data-start=\"2063\" data-end=\"2092\">Diagn\u00f3stico r\u00e1pido y claro.<\/p><\/li><li data-start=\"2093\" data-end=\"2142\"><p data-start=\"2095\" data-end=\"2142\">Precios justos y garant\u00eda en cada reparaci\u00f3n.<\/p><\/li><li data-start=\"2143\" data-end=\"2181\"><p data-start=\"2145\" data-end=\"2181\">Atenci\u00f3n honesta sin cobros ocultos.<\/p><\/li><\/ul>\t\t\t\t\t\t\t\t<\/div>\n\t\t\t\t<\/div>\n\t\t<div data-particle_enable=\"false\" data-particle-mobile-disabled=\"false\" class=\"elementor-element elementor-element-38e1459 e-con-full e-flex e-con e-child\" data-id=\"38e1459\" data-element_type=\"container\">\n\t\t\t\t<div class=\"elementor-element elementor-element-d103993 elementor-widget elementor-widget-image\" data-id=\"d103993\" data-element_type=\"widget\" data-widget_type=\"image.default\">\n\t\t\t\t\t\t\t\t\t\t\t\t\t\t\t<img decoding=\"async\" width=\"1280\" height=\"1024\" src=\"https:\/\/repuestostecnojam.com\/wp-content\/uploads\/2025\/12\/reparaciondecafeteras.webp\" class=\"attachment-full size-full wp-image-161\" alt=\"\" srcset=\"https:\/\/repuestostecnojam.com\/wp-content\/uploads\/2025\/12\/reparaciondecafeteras.webp 1280w, https:\/\/repuestostecnojam.com\/wp-content\/uploads\/2025\/12\/reparaciondecafeteras-600x480.webp 600w, https:\/\/repuestostecnojam.com\/wp-content\/uploads\/2025\/12\/reparaciondecafeteras-300x240.webp 300w, https:\/\/repuestostecnojam.com\/wp-content\/uploads\/2025\/12\/reparaciondecafeteras-1024x819.webp 1024w, https:\/\/repuestostecnojam.com\/wp-content\/uploads\/2025\/12\/reparaciondecafeteras-768x614.webp 768w\" sizes=\"(max-width: 1280px) 100vw, 1280px\" \/>\t\t\t\t\t\t\t\t\t\t\t\t\t\t\t<\/div>\n\t\t\t\t<\/div>\n\t\t\t\t\t<\/div>\n\t\t\t\t<\/div>\n\t\t<div data-particle_enable=\"false\" data-particle-mobile-disabled=\"false\" class=\"elementor-element elementor-element-a31539c e-con-full e-flex e-con e-parent\" data-id=\"a31539c\" data-element_type=\"container\">\n\t\t\t\t<div class=\"elementor-element elementor-element-16f3f82 elementor--h-position-center elementor--v-position-middle elementor-arrows-position-inside elementor-pagination-position-inside elementor-widget elementor-widget-slides\" data-id=\"16f3f82\" data-element_type=\"widget\" data-settings=\"{&quot;navigation&quot;:&quot;both&quot;,&quot;autoplay&quot;:&quot;yes&quot;,&quot;pause_on_hover&quot;:&quot;yes&quot;,&quot;pause_on_interaction&quot;:&quot;yes&quot;,&quot;autoplay_speed&quot;:5000,&quot;infinite&quot;:&quot;yes&quot;,&quot;transition&quot;:&quot;slide&quot;,&quot;transition_speed&quot;:500}\" data-widget_type=\"slides.default\">\n\t\t\t\t\t\t\t\t\t\t<div class=\"elementor-slides-wrapper elementor-main-swiper swiper\" role=\"region\" aria-roledescription=\"carousel\" aria-label=\"Diapositivas\" dir=\"ltr\" data-animation=\"fadeInUp\">\n\t\t\t\t<div class=\"swiper-wrapper elementor-slides\">\n\t\t\t\t\t\t\t\t\t\t<div class=\"elementor-repeater-item-acced98 swiper-slide\" role=\"group\" aria-roledescription=\"slide\"><div class=\"swiper-slide-bg\" role=\"img\"><\/div><div class=\"elementor-background-overlay\"><\/div><div class=\"swiper-slide-inner\" ><div class=\"swiper-slide-contents\"><div class=\"elementor-slide-heading\">Reparamos con pasi\u00f3n y experiencia<\/div><div class=\"elementor-slide-description\">Somos un equipo especializado en mantenimiento y reparaci\u00f3n de electrodom\u00e9sticos, comprometidos con soluciones honestas, r\u00e1pidas y de calidad<\/div><\/div><\/div><\/div>\t\t\t\t<\/div>\n\t\t\t\t\t\t\t<\/div>\n\t\t\t\t\t\t\t\t<\/div>\n\t\t\t\t<\/div>\n\t\t<div data-particle_enable=\"false\" data-particle-mobile-disabled=\"false\" class=\"elementor-element elementor-element-8b6b39d e-flex e-con-boxed e-con e-parent\" data-id=\"8b6b39d\" data-element_type=\"container\">\n\t\t\t\t\t<div class=\"e-con-inner\">\n\t\t\t\t<div class=\"elementor-element elementor-element-135267e elementor-widget elementor-widget-spacer\" data-id=\"135267e\" data-element_type=\"widget\" data-widget_type=\"spacer.default\">\n\t\t\t\t\t\t\t<div class=\"elementor-spacer\">\n\t\t\t<div class=\"elementor-spacer-inner\"><\/div>\n\t\t<\/div>\n\t\t\t\t\t\t<\/div>\n\t\t\t\t\t<\/div>\n\t\t\t\t<\/div>\n\t\t<div data-particle_enable=\"false\" data-particle-mobile-disabled=\"false\" class=\"elementor-element elementor-element-a6acd8b e-flex e-con-boxed e-con e-parent\" data-id=\"a6acd8b\" data-element_type=\"container\">\n\t\t\t\t\t<div class=\"e-con-inner\">\n\t\t<div data-particle_enable=\"false\" data-particle-mobile-disabled=\"false\" class=\"elementor-element elementor-element-108a5d8 e-con-full e-flex e-con e-child\" data-id=\"108a5d8\" data-element_type=\"container\">\n\t\t\t\t<div class=\"elementor-element elementor-element-85746ed elementor-widget elementor-widget-heading\" data-id=\"85746ed\" data-element_type=\"widget\" data-widget_type=\"heading.default\">\n\t\t\t\t\t<h2 class=\"elementor-heading-title elementor-size-default\">MISI\u00d3N<\/h2>\t\t\t\t<\/div>\n\t\t\t\t<div class=\"elementor-element elementor-element-0f41255 elementor-widget elementor-widget-text-editor\" data-id=\"0f41255\" data-element_type=\"widget\" data-widget_type=\"text-editor.default\">\n\t\t\t\t\t\t\t\t\t<p>Brindar soluciones t\u00e9cnicas de calidad, usando repuestos originales para que cada cliente reciba un servicio eficiente, honesto y garantizado.<\/p>\t\t\t\t\t\t\t\t<\/div>\n\t\t\t\t<\/div>\n\t\t<div data-particle_enable=\"false\" data-particle-mobile-disabled=\"false\" class=\"elementor-element elementor-element-6f4fc4a e-con-full e-flex e-con e-child\" data-id=\"6f4fc4a\" data-element_type=\"container\">\n\t\t\t\t<div class=\"elementor-element elementor-element-242fa52 elementor-widget elementor-widget-heading\" data-id=\"242fa52\" data-element_type=\"widget\" data-widget_type=\"heading.default\">\n\t\t\t\t\t<h2 class=\"elementor-heading-title elementor-size-default\">VISI\u00d3N<\/h2>\t\t\t\t<\/div>\n\t\t\t\t<div class=\"elementor-element elementor-element-3bc3e42 elementor-widget elementor-widget-text-editor\" data-id=\"3bc3e42\" data-element_type=\"widget\" data-widget_type=\"text-editor.default\">\n\t\t\t\t\t\t\t\t\t<p>Convertirnos en el servicio t\u00e9cnico de referencia en nuestra zona, donde cada reparaci\u00f3n sea sin\u00f3nimo de calidad, seguridad y confianza<\/p>\t\t\t\t\t\t\t\t<\/div>\n\t\t\t\t<\/div>\n\t\t\t\t\t<\/div>\n\t\t\t\t<\/div>\n\t\t\t\t<\/div>\n\t\t","protected":false},"excerpt":{"rendered":"<p>Qui\u00e9nes Somos En TECNO JAM somos un servicio t\u00e9cnico especializado en la reparaci\u00f3n de electrodom\u00e9sticos y la venta de repuestos originales para licuadoras Oster, Umco y ollas de presi\u00f3n. Desde 2021 trabajamos como una empresa familiar comprometida con ofrecer soluciones profesionales, confiables y garantizadas a cada cliente. Nuestro taller naci\u00f3 como un legado familiar y [&hellip;]<\/p>\n","protected":false},"author":1,"featured_media":0,"parent":0,"menu_order":0,"comment_status":"closed","ping_status":"closed","template":"","meta":{"footnotes":""},"class_list":["post-58","page","type-page","status-publish","hentry"],"jetpack_sharing_enabled":true,"_links":{"self":[{"href":"https:\/\/repuestostecnojam.com\/index.php\/wp-json\/wp\/v2\/pages\/58","targetHints":{"allow":["GET"]}}],"collection":[{"href":"https:\/\/repuestostecnojam.com\/index.php\/wp-json\/wp\/v2\/pages"}],"about":[{"href":"https:\/\/repuestostecnojam.com\/index.php\/wp-json\/wp\/v2\/types\/page"}],"author":[{"embeddable":true,"href":"https:\/\/repuestostecnojam.com\/index.php\/wp-json\/wp\/v2\/users\/1"}],"replies":[{"embeddable":true,"href":"https:\/\/repuestostecnojam.com\/index.php\/wp-json\/wp\/v2\/comments?post=58"}],"version-history":[{"count":33,"href":"https:\/\/repuestostecnojam.com\/index.php\/wp-json\/wp\/v2\/pages\/58\/revisions"}],"predecessor-version":[{"id":904,"href":"https:\/\/repuestostecnojam.com\/index.php\/wp-json\/wp\/v2\/pages\/58\/revisions\/904"}],"wp:attachment":[{"href":"https:\/\/repuestostecnojam.com\/index.php\/wp-json\/wp\/v2\/media?parent=58"}],"curies":[{"name":"wp","href":"https:\/\/api.w.org\/{rel}","templated":true}]}}